{"id":804,"date":"2023-06-18T23:09:04","date_gmt":"2023-06-18T23:09:04","guid":{"rendered":"https:\/\/www.sorliof.ca\/althea-wp\/"},"modified":"2026-04-15T23:12:08","modified_gmt":"2026-04-15T23:12:08","slug":"althea-wp","status":"publish","type":"page","link":"https:\/\/www.sorliof.ca\/en\/","title":{"rendered":""},"content":{"rendered":"<p align=\"justify\">\u00a0<\/p>\r\n<p style=\"text-align: justify;\"><strong>Sorliof Canada Inc. Bringing Quality to Global Markets<\/strong><\/p>\r\n<p align=\"justify\">Sorliof Canada Inc, headquartered in Montreal, Canada, is a company specializing in the international trade of agri-food products. Through its proprietary brand ELYA, the company develops and markets a range of essential products intended for international wholesale channels, with a strong focus on quality, traceability, and compliance.<\/p>\r\n<p align=\"justify\">As a brand owner and wholesaler, Sorliof Canada Inc relies on industrial and logistics partnerships to structure and manage integrated operational cycles, from production to the shipment of goods to dedicated port logistics platforms. All operations are based on rigorous flow planning, aimed at optimizing volumes, ensuring regulatory compliance, and maximizing the economic performance of each trading cycle.<\/p>\r\n<p align=\"justify\">Its approach is built around the sustainable structuring of trade flows, grounded in operational consistency, process control, and a long-term view of the markets it serves.<\/p>\r\n<p align=\"justify\">Sorliof Canada Inc is a member of the Chamber of Commerce of Metropolitan Montreal.<\/p>\r\n\r\n\r\n\r\n<p style=\"text-align: justify;\">\u00a0 \u00a0 \u00a0 \u00a0 \u00a0 \u00a0 \u00a0 \u00a0 \u00a0 \u00a0 \u00a0 \u00a0<\/p>\r\n<p align=\"justify\"><span style=\"color: #404040;\"><span style=\"font-family: Helvetica Neue;\"><span style=\"font-size: large;\"><span lang=\"fr-BF\"><b>Sorliof Canada Inc at a glance<\/b><\/span><\/span><\/span><\/span><\/p>\r\n<ul>\r\n<li>\r\n<p>Proprietary brand ELYA, synonymous with consistency and reliability<\/p>\r\n<\/li>\r\n<li>\r\n<p>Proven expertise in international wholesale agri-food trading<\/p>\r\n<\/li>\r\n<li>\r\n<p>Products aligned with international standards and market requirements<\/p>\r\n<\/li>\r\n<li>\r\n<p>Integrated and well-structured logistics organization<\/p>\r\n<\/li>\r\n<li>\r\n<p>Disciplined management of production and distribution cycles<\/p>\r\n<\/li>\r\n<li>\r\n<p>Long-term vision focused on operational performance and sustainable trade flows<\/p>\r\n<\/li>\r\n<\/ul>\r\n<p><\/p>","protected":false},"excerpt":{"rendered":"<p>\u00a0 Sorliof Canada Inc. La qualit\u00e9 au service des march\u00e9s mondiaux Sorliof Canada Inc, dont le si\u00e8ge social est situ\u00e9 \u00e0 Montr\u00e9al, au Canada, est une entreprise sp\u00e9cialis\u00e9e dans le commerce international de produits agroalimentaires. \u00c0 travers sa marque ELYA, la soci\u00e9t\u00e9 d\u00e9veloppe et met en march\u00e9 une gamme de produits essentiels destin\u00e9s aux circuits [&hellip;]<\/p>\n","protected":false},"author":1,"featured_media":0,"parent":0,"menu_order":0,"comment_status":"closed","ping_status":"closed","template":"","meta":{"_themeisle_gutenberg_block_has_review":false,"footnotes":""},"class_list":["post-804","page","type-page","status-publish","hentry"],"_links":{"self":[{"href":"https:\/\/www.sorliof.ca\/en\/wp-json\/wp\/v2\/pages\/804","targetHints":{"allow":["GET"]}}],"collection":[{"href":"https:\/\/www.sorliof.ca\/en\/wp-json\/wp\/v2\/pages"}],"about":[{"href":"https:\/\/www.sorliof.ca\/en\/wp-json\/wp\/v2\/types\/page"}],"author":[{"embeddable":true,"href":"https:\/\/www.sorliof.ca\/en\/wp-json\/wp\/v2\/users\/1"}],"replies":[{"embeddable":true,"href":"https:\/\/www.sorliof.ca\/en\/wp-json\/wp\/v2\/comments?post=804"}],"version-history":[{"count":35,"href":"https:\/\/www.sorliof.ca\/en\/wp-json\/wp\/v2\/pages\/804\/revisions"}],"predecessor-version":[{"id":1412,"href":"https:\/\/www.sorliof.ca\/en\/wp-json\/wp\/v2\/pages\/804\/revisions\/1412"}],"wp:attachment":[{"href":"https:\/\/www.sorliof.ca\/en\/wp-json\/wp\/v2\/media?parent=804"}],"curies":[{"name":"wp","href":"https:\/\/api.w.org\/{rel}","templated":true}]}}