{"id":68,"date":"2021-06-19T19:48:31","date_gmt":"2021-06-19T19:48:31","guid":{"rendered":"https:\/\/www.sorliof.ca\/?page_id=68"},"modified":"2025-10-02T12:20:12","modified_gmt":"2025-10-02T12:20:12","slug":"cont","status":"publish","type":"page","link":"https:\/\/www.sorliof.ca\/en\/cont\/","title":{"rendered":"Contact Us"},"content":{"rendered":"<p class=\"has-black-color has-text-color has-normal-font-size\" style=\"text-align: justify;\"><strong>Sorl<span class=\"has-inline-color has-black-color\">iof Canada Inc.<\/span><\/strong><\/p>\r\n<p class=\"has-black-color has-text-color has-normal-font-size\" style=\"text-align: justify;\"><mark class=\"has-inline-color has-black-color\" style=\"background-color: rgba(0, 0, 0, 0);\">1250, Boulevard Rene-Levesque West, suite <\/mark>2200<\/p>\r\n\r\n\r\n\r\n\r\n\r\n<p style=\"text-align: justify;\"><mark class=\"has-inline-color has-black-color\" style=\"background-color: rgba(0, 0, 0, 0);\">Montreal (Quebec) , H3B 4W8, CANADA<\/mark><\/p>\r\n\r\n\r\n\r\n<p style=\"text-align: justify;\"><mark class=\"has-inline-color has-black-color\" style=\"background-color: rgba(0, 0, 0, 0);\">Phone. +1 514-552-1245<\/mark><\/p>\r\n\r\n\r\n\r\n<p style=\"text-align: justify;\"><mark class=\"has-inline-color has-black-color\" style=\"background-color: rgba(0, 0, 0, 0);\">Fax. +1 514-500-7666<\/mark><\/p>\r\n<p>info@sorliof.ca<\/p>\r\n<p>\u00a0 \u00a0 \u00a0 \u00a0 \u00a0 \u00a0 \u00a0 \u00a0 \u00a0 \u00a0 \u00a0 \u00a0 \u00a0 \u00a0 \u00a0 \u00a0 \u00a0 \u00a0 \u00a0 \u00a0 <img loading=\"lazy\" decoding=\"async\" class=\"alignleft wp-image-1288 size-medium\" src=\"https:\/\/www.sorliof.ca\/wp-content\/uploads\/2025\/10\/Bureau-S-300x261.jpg\" alt=\"\" width=\"300\" height=\"261\" srcset=\"https:\/\/www.sorliof.ca\/wp-content\/uploads\/2025\/10\/Bureau-S-300x261.jpg 300w, https:\/\/www.sorliof.ca\/wp-content\/uploads\/2025\/10\/Bureau-S-14x12.jpg 14w, https:\/\/www.sorliof.ca\/wp-content\/uploads\/2025\/10\/Bureau-S.jpg 647w\" sizes=\"auto, (max-width: 300px) 100vw, 300px\" \/><\/p>\r\n<p>&nbsp;<\/p>\r\n<p>&nbsp;<\/p>\r\n<p>&nbsp;<\/p>\r\n<p>&nbsp;<\/p>\r\n<p>&nbsp;<\/p>\r\n<p>&nbsp;<\/p>\r\n<p>&nbsp;<\/p>\r\n<p style=\"text-align: justify;\">\u00a0<\/p>\r\n\r\n\r\n\r\n<p><iframe loading=\"lazy\" style=\"border: 0;\" src=\"https:\/\/www.google.com\/maps\/embed?pb=!1m18!1m12!1m3!1d2796.2969363118227!2d-73.57357852372384!3d45.50410087107453!2m3!1f0!2f0!3f0!3m2!1i1024!2i768!4f13.1!3m3!1m2!1s0x4cc91a45d3f1e0c9%3A0x3dfa1abe8f49110c!2s1250%20Ren%C3%A9-L%C3%A9vesque%20Blvd%20W%20Suite%20%232200%2C%20Montreal%2C%20QC%20H3B%204W8!5e0!3m2!1sfr!2sca!4v1759343277581!5m2!1sfr!2sca\" width=\"600\" height=\"450\" allowfullscreen=\"allowfullscreen\"><\/iframe><\/p>","protected":false},"excerpt":{"rendered":"<p>Sorliof Canada Inc. 1250, Boulevard Ren\u00e9-L\u00e9vesque Ouest, bureau 2200 Montr\u00e9al (Qu\u00e9bec) , H3B 4W8, CANADA Tel. +1 514-552-1245 Fax. +1 514-500-7666 info@sorliof.ca \u00a0 \u00a0 \u00a0 \u00a0 \u00a0 \u00a0 \u00a0 \u00a0 \u00a0 \u00a0 \u00a0 \u00a0 \u00a0 \u00a0 \u00a0 \u00a0 \u00a0 \u00a0 \u00a0 \u00a0 &nbsp; &nbsp; &nbsp; &nbsp; &nbsp; &nbsp; &nbsp; \u00a0<\/p>","protected":false},"author":1,"featured_media":0,"parent":0,"menu_order":0,"comment_status":"closed","ping_status":"closed","template":"","meta":{"_themeisle_gutenberg_block_has_review":false,"footnotes":""},"class_list":["post-68","page","type-page","status-publish","hentry"],"_links":{"self":[{"href":"https:\/\/www.sorliof.ca\/en\/wp-json\/wp\/v2\/pages\/68","targetHints":{"allow":["GET"]}}],"collection":[{"href":"https:\/\/www.sorliof.ca\/en\/wp-json\/wp\/v2\/pages"}],"about":[{"href":"https:\/\/www.sorliof.ca\/en\/wp-json\/wp\/v2\/types\/page"}],"author":[{"embeddable":true,"href":"https:\/\/www.sorliof.ca\/en\/wp-json\/wp\/v2\/users\/1"}],"replies":[{"embeddable":true,"href":"https:\/\/www.sorliof.ca\/en\/wp-json\/wp\/v2\/comments?post=68"}],"version-history":[{"count":40,"href":"https:\/\/www.sorliof.ca\/en\/wp-json\/wp\/v2\/pages\/68\/revisions"}],"predecessor-version":[{"id":982,"href":"https:\/\/www.sorliof.ca\/en\/wp-json\/wp\/v2\/pages\/68\/revisions\/982"}],"wp:attachment":[{"href":"https:\/\/www.sorliof.ca\/en\/wp-json\/wp\/v2\/media?parent=68"}],"curies":[{"name":"wp","href":"https:\/\/api.w.org\/{rel}","templated":true}]}}