{"id":409,"date":"2022-04-29T23:09:42","date_gmt":"2022-04-29T23:09:42","guid":{"rendered":"https:\/\/www.sorliof.ca\/?page_id=409"},"modified":"2026-04-16T15:17:50","modified_gmt":"2026-04-16T15:17:50","slug":"produits","status":"publish","type":"page","link":"https:\/\/www.sorliof.ca\/en\/produits\/","title":{"rendered":""},"content":{"rendered":"<h3 class=\"western\">Our Products \u2013 ELYA <strong>Brand<\/strong><\/h3>\r\n<p style=\"text-align: justify;\">Through its ELYA brand, Sorliof Canada Inc. develops and distributes essential agri-food products, combining quality, traceability, and accessibility. Our products are developed with rigor to meet market standards and consumer expectations.<\/p>\r\n<p class=\"selectable-text copyable-text x15bjb6t x1n2onr6\" style=\"text-align: justify;\">\u00a0<\/p>\r\n<p><strong>Commercialized Products<\/strong><\/p>\r\n<p>\u00a0 \u00a0 \u00a0 \u00a0 \u00a0 \u2022 Vegetable cooking oil<\/p>\r\n<p>\u00a0 \u00a0 \u00a0 \u00a0 \u00a0 \u2022 Tomato paste<\/p>\r\n<p>\u00a0 \u00a0 \u00a0 \u00a0 \u00a0 \u2022 Milk powder<\/p>\r\n<p>\u00a0 \u00a0 \u00a0 \u00a0 \u00a0 \u2022 Pasta (spaghetti)<\/p>\r\n<p>&nbsp;<\/p>\r\n<p><strong>Complementary products<\/strong><\/p>\r\n<p>As part of a progressive expansion of our product range, we are also developing the following products:<\/p>\r\n<p>\u00a0 \u00a0 \u00a0 \u00a0 \u00a0 \u2022 Sweetened condensed milk<\/p>\r\n<p>\u00a0 \u00a0 \u00a0 \u00a0 \u00a0 \u2022 Unsweetened condensed milk<\/p>\r\n<p>\u00a0 \u00a0 \u00a0 \u00a0 \u00a0 \u2022 Canned sardines<\/p>\r\n<p>&nbsp;<\/p>\r\n<p><strong>COMMERCIALIZED PRODUCTS<\/strong><\/p>\r\n\r\n\r\n\r\n<figure class=\"wp-block-gallery has-nested-images columns-default is-cropped wp-block-gallery-1 is-layout-flex wp-block-gallery-is-layout-flex\">\r\n<figure class=\"wp-block-image size-full is-style-rounded\"><img loading=\"lazy\" decoding=\"async\" data-id=\"46\" class=\"alignleft wp-image-1293 size-thumbnail\" src=\"https:\/\/www.sorliof.ca\/wp-content\/uploads\/2025\/10\/WhatsApp-Image-2025-10-02-at-09.27.14-1-150x150.jpeg\" alt=\"\" width=\"150\" height=\"150\" srcset=\"https:\/\/www.sorliof.ca\/wp-content\/uploads\/2025\/10\/WhatsApp-Image-2025-10-02-at-09.27.14-1-150x150.jpeg 150w, https:\/\/www.sorliof.ca\/wp-content\/uploads\/2025\/10\/WhatsApp-Image-2025-10-02-at-09.27.14-1-300x300.jpeg 300w\" sizes=\"auto, (max-width: 150px) 100vw, 150px\" \/>\r\n<figcaption class=\"wp-element-caption\"><strong>VEGETABLE COOKING OIL<\/strong><\/figcaption>\r\n<\/figure>\r\n<figure class=\"wp-block-image size-large is-style-rounded\"><img loading=\"lazy\" decoding=\"async\" class=\"alignleft wp-image-1308 size-thumbnail\" src=\"https:\/\/www.sorliof.ca\/wp-content\/uploads\/2025\/11\/WhatsApp-Image-2025-11-15-at-08.44.37-150x150.jpeg\" alt=\"\" width=\"150\" height=\"150\" srcset=\"https:\/\/www.sorliof.ca\/wp-content\/uploads\/2025\/11\/WhatsApp-Image-2025-11-15-at-08.44.37-150x150.jpeg 150w, https:\/\/www.sorliof.ca\/wp-content\/uploads\/2025\/11\/WhatsApp-Image-2025-11-15-at-08.44.37-300x300.jpeg 300w\" sizes=\"auto, (max-width: 150px) 100vw, 150px\" \/>\r\n<figcaption class=\"wp-element-caption\"><strong>TOMATO PASTE<\/strong><\/figcaption>\r\n<\/figure>\r\n\r\n<figure class=\"wp-block-image size-large is-style-rounded\"><img loading=\"lazy\" decoding=\"async\" class=\"alignleft wp-image-1423 size-thumbnail\" src=\"https:\/\/www.sorliof.ca\/wp-content\/uploads\/2026\/04\/LP-150x150.jpeg\" alt=\"\" width=\"150\" height=\"150\" srcset=\"https:\/\/www.sorliof.ca\/wp-content\/uploads\/2026\/04\/LP-150x150.jpeg 150w, https:\/\/www.sorliof.ca\/wp-content\/uploads\/2026\/04\/LP-300x300.jpeg 300w\" sizes=\"auto, (max-width: 150px) 100vw, 150px\" \/>\r\n<figcaption class=\"wp-element-caption\"><strong>MILK POWDER<\/strong><\/figcaption>\r\n<\/figure>\r\n\r\n<figure class=\"wp-block-image size-large is-style-rounded\"><img loading=\"lazy\" decoding=\"async\" class=\"alignleft wp-image-1390 size-thumbnail\" src=\"https:\/\/www.sorliof.ca\/wp-content\/uploads\/2026\/04\/WhatsApp-Image-2026-04-09-at-07.33.36-150x150.jpeg\" alt=\"\" width=\"150\" height=\"150\" srcset=\"https:\/\/www.sorliof.ca\/wp-content\/uploads\/2026\/04\/WhatsApp-Image-2026-04-09-at-07.33.36-150x150.jpeg 150w, https:\/\/www.sorliof.ca\/wp-content\/uploads\/2026\/04\/WhatsApp-Image-2026-04-09-at-07.33.36-300x300.jpeg 300w\" sizes=\"auto, (max-width: 150px) 100vw, 150px\" \/>\r\n<figcaption class=\"wp-element-caption\"><strong>PASTA<\/strong><\/figcaption>\r\n<\/figure>\r\n<!-- \/wp:post-content -->\r\n\r\n<!-- wp:image {\"id\":49,\"sizeSlug\":\"large\",\"linkDestination\":\"none\",\"className\":\"is-style-rounded\",\"otterConditions\":[]} -->\r\n<figure class=\"wp-block-image size-large is-style-rounded\">\r\n<figcaption class=\"wp-element-caption\"><\/figcaption>\r\n<\/figure>\r\n<!-- \/wp:image -->\r\n\r\n<!-- wp:image {\"id\":51,\"sizeSlug\":\"large\",\"linkDestination\":\"none\",\"className\":\"is-style-rounded\",\"otterConditions\":[]} -->\r\n<figure class=\"wp-block-image size-large is-style-rounded\"><\/figure>\r\n<!-- \/wp:image -->\r\n\r\n<!-- wp:image {\"id\":261,\"sizeSlug\":\"large\",\"linkDestination\":\"none\",\"className\":\"is-style-rounded\",\"otterConditions\":[]} -->\r\n<figure class=\"wp-block-image size-large is-style-rounded\"><\/figure>\r\n<!-- \/wp:image --><\/figure>\r\n<!-- \/wp:gallery -->\r\n<p>&nbsp;<\/p>\r\n<p>&nbsp;<\/p>\r\n<p><strong>COMPLEMENTARY PRODUCTS<\/strong><\/p>\r\n<!-- \/wp:image -->\r\n<figure class=\"wp-block-image size-large is-style-rounded\"><img loading=\"lazy\" decoding=\"async\" class=\"alignleft wp-image-1394 size-thumbnail\" src=\"https:\/\/www.sorliof.ca\/wp-content\/uploads\/2026\/04\/lait-concentre-150x150.jpeg\" alt=\"\" width=\"150\" height=\"150\" srcset=\"https:\/\/www.sorliof.ca\/wp-content\/uploads\/2026\/04\/lait-concentre-150x150.jpeg 150w, https:\/\/www.sorliof.ca\/wp-content\/uploads\/2026\/04\/lait-concentre-300x300.jpeg 300w\" sizes=\"auto, (max-width: 150px) 100vw, 150px\" \/>\r\n<figcaption class=\"wp-element-caption\"><strong><span style=\"font-size: small;\"><br \/><br \/><br \/><br \/><br \/><br \/><br \/>SWEETENED CONDENSED MILK<\/span><\/strong><\/figcaption>\r\n<\/figure>\r\n<!-- \/wp:image -->\r\n<figure class=\"wp-block-image size-large is-style-rounded\"><img loading=\"lazy\" decoding=\"async\" class=\"alignleft wp-image-1395 size-thumbnail\" src=\"https:\/\/www.sorliof.ca\/wp-content\/uploads\/2026\/04\/lait-non-concentre--150x150.jpeg\" alt=\"\" width=\"150\" height=\"150\" srcset=\"https:\/\/www.sorliof.ca\/wp-content\/uploads\/2026\/04\/lait-non-concentre--150x150.jpeg 150w, https:\/\/www.sorliof.ca\/wp-content\/uploads\/2026\/04\/lait-non-concentre--300x300.jpeg 300w\" sizes=\"auto, (max-width: 150px) 100vw, 150px\" \/>\r\n<figcaption class=\"wp-element-caption\"><strong><span style=\"font-size: small;\"><br \/><br \/><br \/><br \/><br \/><br \/><br \/>UNSWEETENED CONDENSED MILK<\/span><\/strong><\/figcaption>\r\n<\/figure>\r\n<!-- \/wp:image -->\r\n<figure class=\"wp-block-image size-large is-style-rounded\"><img loading=\"lazy\" decoding=\"async\" class=\"alignleft wp-image-1396 size-thumbnail\" src=\"https:\/\/www.sorliof.ca\/wp-content\/uploads\/2026\/04\/sardine-150x150.jpeg\" alt=\"\" width=\"150\" height=\"150\" srcset=\"https:\/\/www.sorliof.ca\/wp-content\/uploads\/2026\/04\/sardine-150x150.jpeg 150w, https:\/\/www.sorliof.ca\/wp-content\/uploads\/2026\/04\/sardine-300x300.jpeg 300w\" sizes=\"auto, (max-width: 150px) 100vw, 150px\" \/>\r\n<figcaption class=\"wp-element-caption\"><strong><span style=\"font-size: small;\"><br \/><br \/><br \/><br \/><br \/><br \/><br \/>CANNED SARDINES<\/span><\/strong><\/figcaption>\r\n<\/figure>","protected":false},"excerpt":{"rendered":"<p>Nos produits \u2013 Marque ELYA \u00c0 travers sa marque ELYA, Sorliof Canada Inc. d\u00e9veloppe et distribue des produits agroalimentaires essentiels, alliant qualit\u00e9, tra\u00e7abilit\u00e9 et accessibilit\u00e9. Nos produits sont d\u00e9velopp\u00e9s avec rigueur afin de r\u00e9pondre aux standards du march\u00e9 et aux attentes des consommateurs. \u00a0 Produits commercialis\u00e9s \u00a0 \u00a0 \u00a0 \u00a0 \u00a0 \u2022 Huile v\u00e9g\u00e9tale alimentaire [&hellip;]<\/p>\n","protected":false},"author":1,"featured_media":0,"parent":0,"menu_order":0,"comment_status":"closed","ping_status":"closed","template":"","meta":{"_themeisle_gutenberg_block_has_review":false,"footnotes":""},"class_list":["post-409","page","type-page","status-publish","hentry"],"_links":{"self":[{"href":"https:\/\/www.sorliof.ca\/en\/wp-json\/wp\/v2\/pages\/409","targetHints":{"allow":["GET"]}}],"collection":[{"href":"https:\/\/www.sorliof.ca\/en\/wp-json\/wp\/v2\/pages"}],"about":[{"href":"https:\/\/www.sorliof.ca\/en\/wp-json\/wp\/v2\/types\/page"}],"author":[{"embeddable":true,"href":"https:\/\/www.sorliof.ca\/en\/wp-json\/wp\/v2\/users\/1"}],"replies":[{"embeddable":true,"href":"https:\/\/www.sorliof.ca\/en\/wp-json\/wp\/v2\/comments?post=409"}],"version-history":[{"count":64,"href":"https:\/\/www.sorliof.ca\/en\/wp-json\/wp\/v2\/pages\/409\/revisions"}],"predecessor-version":[{"id":1424,"href":"https:\/\/www.sorliof.ca\/en\/wp-json\/wp\/v2\/pages\/409\/revisions\/1424"}],"wp:attachment":[{"href":"https:\/\/www.sorliof.ca\/en\/wp-json\/wp\/v2\/media?parent=409"}],"curies":[{"name":"wp","href":"https:\/\/api.w.org\/{rel}","templated":true}]}}