{"id":1315,"date":"2025-12-05T19:31:59","date_gmt":"2025-12-05T19:31:59","guid":{"rendered":"https:\/\/www.sorliof.ca\/?page_id=1315"},"modified":"2026-04-10T15:33:06","modified_gmt":"2026-04-10T15:33:06","slug":"nos-operations-en-images","status":"publish","type":"page","link":"https:\/\/www.sorliof.ca\/en\/nos-operations-en-images\/","title":{"rendered":"Our Operations in Pictures"},"content":{"rendered":"<ul>\n<li>Shipment of cartons of ELYA tomato paste (in 2,200\u202fg cans).<\/li>\n<li>Shipment of ELYA edible vegetable oil (in 25 liter jerrycans)<\/li>\n<\/ul>\n<p><img loading=\"lazy\" decoding=\"async\" class=\"alignleft size-thumbnail wp-image-1353\" src=\"https:\/\/www.sorliof.ca\/wp-content\/uploads\/2025\/12\/WhatsApp-Image-2025-12-21-at-09.16.51-150x150.jpeg\" alt=\"\" width=\"150\" height=\"150\" srcset=\"https:\/\/www.sorliof.ca\/wp-content\/uploads\/2025\/12\/WhatsApp-Image-2025-12-21-at-09.16.51-150x150.jpeg 150w, https:\/\/www.sorliof.ca\/wp-content\/uploads\/2025\/12\/WhatsApp-Image-2025-12-21-at-09.16.51-300x300.jpeg 300w\" sizes=\"auto, (max-width: 150px) 100vw, 150px\" \/><img loading=\"lazy\" decoding=\"async\" class=\"alignleft size-thumbnail wp-image-1354\" src=\"https:\/\/www.sorliof.ca\/wp-content\/uploads\/2025\/12\/WhatsApp-Image-2025-12-21-at-09.19.17-150x150.jpeg\" alt=\"\" width=\"150\" height=\"150\" srcset=\"https:\/\/www.sorliof.ca\/wp-content\/uploads\/2025\/12\/WhatsApp-Image-2025-12-21-at-09.19.17-150x150.jpeg 150w, https:\/\/www.sorliof.ca\/wp-content\/uploads\/2025\/12\/WhatsApp-Image-2025-12-21-at-09.19.17-300x300.jpeg 300w\" sizes=\"auto, (max-width: 150px) 100vw, 150px\" \/><img loading=\"lazy\" decoding=\"async\" class=\"alignleft size-thumbnail wp-image-1313\" src=\"https:\/\/www.sorliof.ca\/wp-content\/uploads\/2025\/11\/WhatsApp-Image-2025-11-15-at-08.29.49-150x150.jpeg\" alt=\"\" width=\"150\" height=\"150\" srcset=\"https:\/\/www.sorliof.ca\/wp-content\/uploads\/2025\/11\/WhatsApp-Image-2025-11-15-at-08.29.49-150x150.jpeg 150w, https:\/\/www.sorliof.ca\/wp-content\/uploads\/2025\/11\/WhatsApp-Image-2025-11-15-at-08.29.49-300x300.jpeg 300w\" sizes=\"auto, (max-width: 150px) 100vw, 150px\" \/><img loading=\"lazy\" decoding=\"async\" class=\"alignleft size-thumbnail wp-image-1331\" src=\"https:\/\/www.sorliof.ca\/wp-content\/uploads\/2025\/12\/Tomate-concentree-150x150.jpg\" alt=\"\" width=\"150\" height=\"150\" srcset=\"https:\/\/www.sorliof.ca\/wp-content\/uploads\/2025\/12\/Tomate-concentree-150x150.jpg 150w, https:\/\/www.sorliof.ca\/wp-content\/uploads\/2025\/12\/Tomate-concentree-11x12.jpg 11w, https:\/\/www.sorliof.ca\/wp-content\/uploads\/2025\/12\/Tomate-concentree-300x300.jpg 300w\" sizes=\"auto, (max-width: 150px) 100vw, 150px\" \/><\/p>\n<p>&nbsp;<\/p>\n<p>&nbsp;<\/p>\n<p>&nbsp;<\/p>\n<p>&nbsp;<\/p>\n<p>&nbsp;<\/p>\n<p><img loading=\"lazy\" decoding=\"async\" class=\"alignleft size-thumbnail wp-image-1318\" src=\"https:\/\/www.sorliof.ca\/wp-content\/uploads\/2025\/12\/WhatsApp-Image-2025-08-30-at-05.54.03-150x150.jpeg\" alt=\"\" width=\"150\" height=\"150\" srcset=\"https:\/\/www.sorliof.ca\/wp-content\/uploads\/2025\/12\/WhatsApp-Image-2025-08-30-at-05.54.03-150x150.jpeg 150w, https:\/\/www.sorliof.ca\/wp-content\/uploads\/2025\/12\/WhatsApp-Image-2025-08-30-at-05.54.03-300x300.jpeg 300w\" sizes=\"auto, (max-width: 150px) 100vw, 150px\" \/><img loading=\"lazy\" decoding=\"async\" class=\"alignleft size-thumbnail wp-image-1319\" src=\"https:\/\/www.sorliof.ca\/wp-content\/uploads\/2025\/12\/WhatsApp-Image-2025-08-30-at-05.54.05-11-150x150.jpeg\" alt=\"\" width=\"150\" height=\"150\" srcset=\"https:\/\/www.sorliof.ca\/wp-content\/uploads\/2025\/12\/WhatsApp-Image-2025-08-30-at-05.54.05-11-150x150.jpeg 150w, https:\/\/www.sorliof.ca\/wp-content\/uploads\/2025\/12\/WhatsApp-Image-2025-08-30-at-05.54.05-11-300x300.jpeg 300w\" sizes=\"auto, (max-width: 150px) 100vw, 150px\" \/><img loading=\"lazy\" decoding=\"async\" class=\"alignleft size-thumbnail wp-image-1336\" src=\"https:\/\/www.sorliof.ca\/wp-content\/uploads\/2025\/12\/Huile-Elya-150x150.jpeg\" alt=\"\" width=\"150\" height=\"150\" srcset=\"https:\/\/www.sorliof.ca\/wp-content\/uploads\/2025\/12\/Huile-Elya-150x150.jpeg 150w, https:\/\/www.sorliof.ca\/wp-content\/uploads\/2025\/12\/Huile-Elya-300x300.jpeg 300w\" sizes=\"auto, (max-width: 150px) 100vw, 150px\" \/><img loading=\"lazy\" decoding=\"async\" class=\"alignleft size-thumbnail wp-image-1321\" src=\"https:\/\/www.sorliof.ca\/wp-content\/uploads\/2025\/12\/WhatsApp-Image-2025-08-30-at-05.54.05-6-150x150.jpeg\" alt=\"\" width=\"150\" height=\"150\" srcset=\"https:\/\/www.sorliof.ca\/wp-content\/uploads\/2025\/12\/WhatsApp-Image-2025-08-30-at-05.54.05-6-150x150.jpeg 150w, https:\/\/www.sorliof.ca\/wp-content\/uploads\/2025\/12\/WhatsApp-Image-2025-08-30-at-05.54.05-6-300x300.jpeg 300w\" sizes=\"auto, (max-width: 150px) 100vw, 150px\" \/><\/p>\n<p>&nbsp;<\/p>\n<p>&nbsp;<\/p>\n<p>&nbsp;<\/p>\n<p>&nbsp;<\/p>\n<p>&nbsp;<\/p>\n<p>&nbsp;<\/p>","protected":false},"excerpt":{"rendered":"<p>Acheminement de cartons de p\u00e2te de tomate concentr\u00e9e ELYA (bo\u00eetes de 2200 g). Acheminement d\u2019huile v\u00e9g\u00e9tale alimentaire ELYA ( bidons de 25 litres). &nbsp; &nbsp; &nbsp; &nbsp; &nbsp; &nbsp; &nbsp; &nbsp; &nbsp; &nbsp; &nbsp;<\/p>","protected":false},"author":1,"featured_media":0,"parent":0,"menu_order":0,"comment_status":"closed","ping_status":"closed","template":"","meta":{"_themeisle_gutenberg_block_has_review":false,"footnotes":""},"class_list":["post-1315","page","type-page","status-publish","hentry"],"_links":{"self":[{"href":"https:\/\/www.sorliof.ca\/en\/wp-json\/wp\/v2\/pages\/1315","targetHints":{"allow":["GET"]}}],"collection":[{"href":"https:\/\/www.sorliof.ca\/en\/wp-json\/wp\/v2\/pages"}],"about":[{"href":"https:\/\/www.sorliof.ca\/en\/wp-json\/wp\/v2\/types\/page"}],"author":[{"embeddable":true,"href":"https:\/\/www.sorliof.ca\/en\/wp-json\/wp\/v2\/users\/1"}],"replies":[{"embeddable":true,"href":"https:\/\/www.sorliof.ca\/en\/wp-json\/wp\/v2\/comments?post=1315"}],"version-history":[{"count":22,"href":"https:\/\/www.sorliof.ca\/en\/wp-json\/wp\/v2\/pages\/1315\/revisions"}],"predecessor-version":[{"id":1397,"href":"https:\/\/www.sorliof.ca\/en\/wp-json\/wp\/v2\/pages\/1315\/revisions\/1397"}],"wp:attachment":[{"href":"https:\/\/www.sorliof.ca\/en\/wp-json\/wp\/v2\/media?parent=1315"}],"curies":[{"name":"wp","href":"https:\/\/api.w.org\/{rel}","templated":true}]}}